{"id":3232,"date":"2016-09-20T16:10:21","date_gmt":"2016-09-20T16:10:21","guid":{"rendered":"https:\/\/callistotr.com\/iletisim\/"},"modified":"2024-10-10T09:46:01","modified_gmt":"2024-10-10T09:46:01","slug":"iletisim","status":"publish","type":"page","link":"https:\/\/callistotr.com\/tr\/iletisim\/","title":{"rendered":"\u0130leti\u015fim"},"content":{"rendered":"<div id=\"pl-3232\"  class=\"panel-layout\" ><div id=\"pg-3232-0\"  class=\"panel-grid panel-has-style\" ><div class=\"siteorigin-panels-stretch orion-separator bottom-svg-1 bottom-svg-inside divider-notresponsive divider-no-animation tablet-default mobile-1-in-row desktop-default custom panel-row-style panel-row-style-for-3232-0\" data-stretch-type=\"full-width-stretch\" ><div id=\"pgc-3232-0-0\"  class=\"panel-grid-cell\" ><div class=\"custom panel-cell-style panel-cell-style-for-3232-0-0\" ><div id=\"panel-3232-0-0-0\" class=\"widget_text so-panel widget widget_custom_html panel-first-child panel-last-child\" data-index=\"0\" ><div class=\"widget_text orion custom default panel-widget-style panel-widget-style-for-3232-0-0-0\" ><div class=\"textwidget custom-html-widget\"><iframe src=\"https:\/\/www.google.com\/maps\/embed?pb=!1m18!1m12!1m3!1d5718.366623083812!2d37.36604865481622!3d37.069954666747066!2m3!1f0!2f0!3f0!3m2!1i1024!2i768!4f13.1!3m3!1m2!1s0x2e4c52c6b5275133%3A0xb743336e6750ec12!2sCallisto%20Klinic!5e0!3m2!1sar!2str!4v1724250743317!5m2!1sar!2str\" width=\"100%\" height=\"450\" style=\"border:0;\" allowfullscreen=\"\" loading=\"lazy\" referrerpolicy=\"no-referrer-when-downgrade\"><\/iframe><\/div><\/div><\/div><\/div><\/div><\/div><\/div><div id=\"pg-3232-1\"  class=\"panel-grid panel-has-style\" ><div class=\"siteorigin-panels-stretch divider-no-animation tablet-default mobile-1-in-row desktop-default overlay-light custom panel-row-style panel-row-style-for-3232-1\" data-stretch-type=\"full\" data-svg-bottom-color=\"#ffffff\" ><div id=\"pgc-3232-1-0\"  class=\"panel-grid-cell panel-grid-cell-empty\" ><\/div><div id=\"pgc-3232-1-1\"  class=\"panel-grid-cell panel-grid-cell-mobile-last\" ><div id=\"panel-3232-1-1-0\" class=\"so-panel widget widget_orion_heading_w panel-first-child\" data-index=\"1\" ><div class=\"orion custom default panel-widget-style panel-widget-style-for-3232-1-1-0\" ><div\n\t\t\t\n\t\t\tclass=\"so-widget-orion_heading_w so-widget-orion_heading_w-base\"\n\t\t\t\n\t\t> \r\n\t\t\t<div class=\"row orion-heading\" style=\"margin-bottom:0px;\">\r\n\t\t<div class=\"col-md-12  separator-style-1 text-center style-h6 style-primary-color\">\r\n\t\t\t<h6 class=\"primary-color\">\r\n\t\t\t\t\u0130leti\u015fime Ge\u00e7in\t\t\t<\/h6>\r\n\t\t<\/div>\r\n\t<\/div>\r\n\r\n\t<\/div><\/div><\/div><div id=\"panel-3232-1-1-1\" class=\"so-panel widget widget_orion_heading_w\" data-index=\"2\" ><div class=\"orion custom default panel-widget-style panel-widget-style-for-3232-1-1-1\" ><div\n\t\t\t\n\t\t\tclass=\"so-widget-orion_heading_w so-widget-orion_heading_w-base\"\n\t\t\t\n\t\t> \r\n\t\t\t<div class=\"row orion-heading\" style=\"margin-bottom:0px;\">\r\n\t\t<div class=\"col-md-12   text-center style-h2 style-text-dark\">\r\n\t\t\t<h2 class=\"text-dark\">\r\n\t\t\t\tRandevu Talep Et\t\t\t<\/h2>\r\n\t\t<\/div>\r\n\t<\/div>\r\n\r\n\t<\/div><\/div><\/div><div id=\"panel-3232-1-1-2\" class=\"so-panel widget widget_sow-editor\" data-index=\"3\" ><div class=\"orion custom default panel-widget-style panel-widget-style-for-3232-1-1-2\" ><div\n\t\t\t\n\t\t\tclass=\"so-widget-sow-editor so-widget-sow-editor-base\"\n\t\t\t\n\t\t>\n<div class=\"siteorigin-widget-tinymce textwidget\">\n\t<p class=\"lead\" style=\"text-align: center;\">A\u015fa\u011f\u0131daki formu doldurun, \u00e7al\u0131\u015fma saatlerimiz i\u00e7inde sizinle ileti\u015fime ge\u00e7elim.<\/p>\n<\/div>\n<\/div><\/div><\/div><div id=\"panel-3232-1-1-3\" class=\"so-panel widget widget_orion_cf7_w panel-last-child\" data-index=\"4\" ><div class=\"orion custom default panel-widget-style panel-widget-style-for-3232-1-1-3\" ><div\n\t\t\t\n\t\t\tclass=\"so-widget-orion_cf7_w so-widget-orion_cf7_w-base\"\n\t\t\t\n\t\t>\n<div class=\"wpcf7 no-js\" id=\"wpcf7-f3632-o1\" lang=\"en-US\" dir=\"ltr\" data-wpcf7-id=\"3632\">\n<div class=\"screen-reader-response\"><p role=\"status\" aria-live=\"polite\" aria-atomic=\"true\"><\/p> <ul><\/ul><\/div>\n<form action=\"\/tr\/wp-json\/wp\/v2\/pages\/3232#wpcf7-f3632-o1\" method=\"post\" class=\"wpcf7-form init\" aria-label=\"Contact form\" novalidate=\"novalidate\" data-status=\"init\">\n<fieldset class=\"hidden-fields-container\"><input type=\"hidden\" name=\"_wpcf7\" value=\"3632\" \/><input type=\"hidden\" name=\"_wpcf7_version\" value=\"6.1.5\" \/><input type=\"hidden\" name=\"_wpcf7_locale\" value=\"en_US\" \/><input type=\"hidden\" name=\"_wpcf7_unit_tag\" value=\"wpcf7-f3632-o1\" \/><input type=\"hidden\" name=\"_wpcf7_container_post\" value=\"0\" \/><input type=\"hidden\" name=\"_wpcf7_posted_data_hash\" value=\"\" \/>\n<\/fieldset>\n<div class=\"cf7-form row\">\n\t<div class=\"col-md-6 name\">\n\t\t<p><span class=\"wpcf7-form-control-wrap\" data-name=\"text-name\"><input size=\"40\" maxlength=\"400\" class=\"wpcf7-form-control wpcf7-text wpcf7-validates-as-required\" aria-required=\"true\" aria-invalid=\"false\" placeholder=\"Ad\u0131\" value=\"\" type=\"text\" name=\"text-name\" \/><\/span>\n\t\t<\/p>\n\t<\/div>\n\t<div class=\"col-md-6 name\">\n\t\t<p><span class=\"wpcf7-form-control-wrap\" data-name=\"text-last-name\"><input size=\"40\" maxlength=\"400\" class=\"wpcf7-form-control wpcf7-text wpcf7-validates-as-required\" aria-required=\"true\" aria-invalid=\"false\" placeholder=\"Soyad\u0131\" value=\"\" type=\"text\" name=\"text-last-name\" \/><\/span>\n\t\t<\/p>\n\t<\/div>\n\t<div class=\"col-md-6 phone\">\n\t\t<p><span class=\"wpcf7-form-control-wrap\" data-name=\"text-phone\"><input size=\"40\" maxlength=\"400\" class=\"wpcf7-form-control wpcf7-text wpcf7-validates-as-required\" aria-required=\"true\" aria-invalid=\"false\" placeholder=\"Telefon no\" value=\"\" type=\"text\" name=\"text-phone\" \/><\/span>\n\t\t<\/p>\n\t<\/div>\n\t<div class=\"col-md-6 email\">\n\t\t<p><span class=\"wpcf7-form-control-wrap\" data-name=\"email-777\"><input size=\"40\" maxlength=\"400\" class=\"wpcf7-form-control wpcf7-email wpcf7-validates-as-required wpcf7-text wpcf7-validates-as-email\" aria-required=\"true\" aria-invalid=\"false\" placeholder=\"E-posta\" value=\"\" type=\"email\" name=\"email-777\" \/><\/span>\n\t\t<\/p>\n\t<\/div>\n\t<div class=\"col-md-12 select\">\n\t\t<p><span class=\"wpcf7-form-control-wrap\" data-name=\"menu-reason\"><select class=\"wpcf7-form-control wpcf7-select form-control\" aria-invalid=\"false\" name=\"menu-reason\"><option value=\"Ziyaretinizin Nedeni\">Ziyaretinizin Nedeni<\/option><option value=\"Muayene ve temizlik\">Muayene ve temizlik<\/option><option value=\"Dan\u0131\u015fma\">Dan\u0131\u015fma<\/option><option value=\"Tedavi\">Tedavi<\/option><option value=\"Acil Di\u015f Bak\u0131m\u0131\">Acil Di\u015f Bak\u0131m\u0131<\/option><option value=\"Di\u011fer\">Di\u011fer<\/option><\/select><\/span>\n\t\t<\/p>\n\t<\/div>\n\t<div class=\"col-md-6 date\">\n\t\t<p><span class=\"wpcf7-form-control-wrap\" data-name=\"date-667\"><input class=\"wpcf7-form-control wpcf7-date wpcf7-validates-as-date\" aria-invalid=\"false\" value=\"\" type=\"date\" name=\"date-667\" \/><\/span>\n\t\t<\/p>\n\t<\/div>\n\t<div class=\"col-md-6 time\">\n\t\t<p><span class=\"wpcf7-form-control-wrap\" data-name=\"menu-time\"><select class=\"wpcf7-form-control wpcf7-select form-control\" aria-invalid=\"false\" name=\"menu-time\"><option value=\"Herhangi bir zaman\">Herhangi bir zaman<\/option><option value=\"08:00 AM - 11:00 AM\">08:00 AM - 11:00 AM<\/option><option value=\"11:00 AM - 02:00 PM\">11:00 AM - 02:00 PM<\/option><option value=\"02:00 PM - 06:00 PM\">02:00 PM - 06:00 PM<\/option><\/select><\/span>\n\t\t<\/p>\n\t<\/div>\n\t<div class=\"col-md-12\">\n\t\t<p><span class=\"wpcf7-form-control-wrap\" data-name=\"textarea-notes\"><textarea cols=\"40\" rows=\"10\" maxlength=\"2000\" class=\"wpcf7-form-control wpcf7-textarea\" aria-invalid=\"false\" placeholder=\"Doktor \u0130\u00e7in Notlar\" name=\"textarea-notes\"><\/textarea><\/span>\n\t\t<\/p>\n\t<\/div>\n\t<div class=\"col-md-12 text-center\">\n\t\t<p><input class=\"wpcf7-form-control wpcf7-submit has-spinner btn btn-c1 btn-lg\" type=\"submit\" value=\"Randevu Talebinde Bulunun\" \/>\n\t\t<\/p>\n\t<\/div>\n<\/div><div class=\"wpcf7-response-output\" aria-hidden=\"true\"><\/div>\n<\/form>\n<\/div>\n<\/div><\/div><\/div><\/div><div id=\"pgc-3232-1-2\"  class=\"panel-grid-cell panel-grid-cell-empty\" ><\/div><\/div><\/div><div id=\"pg-3232-2\"  class=\"panel-grid panel-has-style\" ><div class=\"vertical_down orion-parallax siteorigin-panels-stretch orion-separator top-svg-4 top-svg-inside divider-no-animation tablet-default mobile-1-in-row desktop-default text-light overlay-c2 custom panel-row-style panel-row-style-for-3232-2\" data-stretch-type=\"full\" ><div id=\"pgc-3232-2-0\"  class=\"panel-grid-cell\" ><div id=\"panel-3232-2-0-0\" class=\"so-panel widget widget_orion_heading_w panel-first-child\" data-index=\"5\" ><div class=\"orion custom default panel-widget-style panel-widget-style-for-3232-2-0-0\" ><div\n\t\t\t\n\t\t\tclass=\"so-widget-orion_heading_w so-widget-orion_heading_w-base\"\n\t\t\t\n\t\t> \r\n\t\t\t<div class=\"row orion-heading\" style=\"margin-bottom:0px;\">\r\n\t\t<div class=\"col-md-12   text-left style-h3 style-text-default\">\r\n\t\t\t<h3 class=\"text-default\">\r\n\t\t\t\tBizi Bulun\t\t\t<\/h3>\r\n\t\t<\/div>\r\n\t<\/div>\r\n\r\n\t<\/div><\/div><\/div><div id=\"panel-3232-2-0-1\" class=\"so-panel widget widget_orion_icon_text_w panel-last-child\" data-index=\"6\" ><div class=\"orion custom default panel-widget-style panel-widget-style-for-3232-2-0-1\" ><div\n\t\t\t\n\t\t\tclass=\"so-widget-orion_icon_text_w so-widget-orion_icon_text_w-base\"\n\t\t\t\n\t\t>\r\n<div class=\"row icon-box-items-wrap grid short\">\r\n \r\n\t\r\n\t\t\r\n\t\t\r\n\t\t\t\t\r\n\t\t\r\n\t\t<div class=\"icon-box-wrap clearfix col-lg-12 col-sm-12\" style=\"margin-bottom:36px;\">\t\t\r\n\r\n\t\t\t<h4 class=\"item-title h6\">Gaziantep<\/h4>\t\t\t\t\t\t\t<div class=\"icon-wrap absolute circle\">\r\n\t\t\t\t\t<span class=\"sow-icon-materialicons sowm-regular\" data-sow-icon=\"&#xf1db\"\n\t\tstyle=\"color: #fff; background-color: #e7b76a\" \n\t\taria-hidden=\"true\"><\/span>\t\t\t\t\t\t\t\t\t<\/div>\r\n\t\t\t\r\n\t\t\t\t\t\t\r\n\r\n\t\t\t\t\t\t<span class=\"description\">De\u011firmi\u00e7em mahGazi Muhtar Pa\u015fa Blv. No:24, 27090 \u015eehitkamil\/Gaziantep<\/span>\r\n\t\t\t\r\n\t\t<\/div>\r\n\t\r\n\t\t\r\n\t\t\r\n\t\t\t\t\r\n\t\t\r\n\t\t<div class=\"icon-box-wrap clearfix col-lg-12 col-sm-12 no_desc vertical-center\" style=\"margin-bottom:36px;\">\t\t\r\n\r\n\t\t\t<h4 class=\"item-title h6\">Kilis<\/h4>\t\t\t\t\t\t\t<div class=\"icon-wrap absolute circle\">\r\n\t\t\t\t\t<span class=\"sow-icon-materialicons sowm-regular\" data-sow-icon=\"&#xf1db\"\n\t\tstyle=\"color: #fff; background-color: #e7b76a\" \n\t\taria-hidden=\"true\"><\/span>\t\t\t\t\t\t\t\t\t<\/div>\r\n\t\t\t\r\n\t\t\t\t\t\t\r\n\r\n\t\t\t\r\n\t\t<\/div>\r\n\t\r\n<\/div><\/div><\/div><\/div><\/div><div id=\"pgc-3232-2-1\"  class=\"panel-grid-cell\" ><div id=\"panel-3232-2-1-0\" class=\"so-panel widget widget_orion_heading_w panel-first-child\" data-index=\"7\" ><div class=\"orion custom default panel-widget-style panel-widget-style-for-3232-2-1-0\" ><div\n\t\t\t\n\t\t\tclass=\"so-widget-orion_heading_w so-widget-orion_heading_w-base\"\n\t\t\t\n\t\t> \r\n\t\t\t<div class=\"row orion-heading\" style=\"margin-bottom:0px;\">\r\n\t\t<div class=\"col-md-12   text-left style-h3 style-text-default\">\r\n\t\t\t<h3 class=\"text-default\">\r\n\t\t\t\tDestek\t\t\t<\/h3>\r\n\t\t<\/div>\r\n\t<\/div>\r\n\r\n\t<\/div><\/div><\/div><div id=\"panel-3232-2-1-1\" class=\"so-panel widget widget_orion_icon_text_w panel-last-child\" data-index=\"8\" ><div class=\"orion custom default panel-widget-style panel-widget-style-for-3232-2-1-1\" ><div\n\t\t\t\n\t\t\tclass=\"so-widget-orion_icon_text_w so-widget-orion_icon_text_w-base\"\n\t\t\t\n\t\t>\r\n<div class=\"row icon-box-items-wrap grid short\">\r\n \r\n\t\r\n\t\t\r\n\t\t\r\n\t\t\t\t\r\n\t\t\r\n\t\t<div class=\"icon-box-wrap clearfix col-lg-12 col-sm-12 no_desc vertical-center\" style=\"margin-bottom:36px;\">\t\t\r\n\r\n\t\t\t<h4 class=\"item-title h6\">+90 536 500 50 64<\/h4>\t\t\t\t\t\t\t<div class=\"icon-wrap absolute circle\">\r\n\t\t\t\t\t<span class=\"sow-icon-materialicons sowm-regular\" data-sow-icon=\"&#xe551\"\n\t\tstyle=\"color: #fff; background-color: #e7b76a\" \n\t\taria-hidden=\"true\"><\/span>\t\t\t\t\t\t\t\t\t<\/div>\r\n\t\t\t\r\n\t\t\t\t\t\t\r\n\r\n\t\t\t\r\n\t\t<\/div>\r\n\t\r\n\t\t\r\n\t\t\r\n\t\t\t\t\r\n\t\t\r\n\t\t<div class=\"icon-box-wrap clearfix col-lg-12 col-sm-12 no_desc vertical-center\" style=\"margin-bottom:36px;\">\t\t\r\n\r\n\t\t\t<h4 class=\"item-title h6\">info@callistotr.com<\/h4>\t\t\t\t\t\t\t<div class=\"icon-wrap absolute circle\">\r\n\t\t\t\t\t<span class=\"sow-icon-genericons\" data-sow-icon=\"&#xf410;\"\n\t\tstyle=\"color: #fff; background-color: #e7b76a\" \n\t\taria-hidden=\"true\"><\/span>\t\t\t\t\t\t\t\t\t<\/div>\r\n\t\t\t\r\n\t\t\t\t\t\t\r\n\r\n\t\t\t\r\n\t\t<\/div>\r\n\t\r\n<\/div><\/div><\/div><\/div><\/div><div id=\"pgc-3232-2-2\"  class=\"panel-grid-cell\" ><div id=\"panel-3232-2-2-0\" class=\"so-panel widget widget_orion_heading_w panel-first-child\" data-index=\"9\" ><div class=\"orion custom default panel-widget-style panel-widget-style-for-3232-2-2-0\" ><div\n\t\t\t\n\t\t\tclass=\"so-widget-orion_heading_w so-widget-orion_heading_w-base\"\n\t\t\t\n\t\t> \r\n\t\t\t<div class=\"row orion-heading\" style=\"margin-bottom:0px;\">\r\n\t\t<div class=\"col-md-12   text-left style-h3 style-text-default\">\r\n\t\t\t<h3 class=\"text-default\">\r\n\t\t\t\tBizi takip edin\t\t\t<\/h3>\r\n\t\t<\/div>\r\n\t<\/div>\r\n\r\n\t<\/div><\/div><\/div><div id=\"panel-3232-2-2-1\" class=\"so-panel widget widget_orion_icon_text_w panel-last-child\" data-index=\"10\" ><div class=\"orion custom default panel-widget-style panel-widget-style-for-3232-2-2-1\" ><div\n\t\t\t\n\t\t\tclass=\"so-widget-orion_icon_text_w so-widget-orion_icon_text_w-base\"\n\t\t\t\n\t\t>\r\n<div class=\"row icon-box-items-wrap grid short\">\r\n \r\n\t\r\n\t\t\r\n\t\t\r\n\t\t\t\t\r\n\t\t\r\n\t\t<div class=\"icon-box-wrap clearfix col-lg-12 col-sm-12 no_desc vertical-center\" style=\"margin-bottom:36px;\">\t\t\r\n\r\n\t\t\t<a class=\"title-link\" target=\"_blank\" href=\"https:\/\/www.facebook.com\/callistoclinic.tr\"><h4 class=\"item-title h6\">Callisto Clinic<\/h4><\/a>\t\t\t\t\t\t\t<a href=\"https:\/\/www.facebook.com\/callistoclinic.tr\" target=\"_blank\" class=\"icon-wrap absolute circle\">\r\n\t\t\t\t\t<span class=\"sow-icon-genericons\" data-sow-icon=\"&#xf204;\"\n\t\tstyle=\"color: #fff; background-color: #e7b76a\" \n\t\taria-hidden=\"true\"><\/span>\t\t\t\t\t\t\t\t\t<\/a>\r\n\t\t\t\r\n\t\t\t\t\t\t\r\n\r\n\t\t\t\r\n\t\t<\/div>\r\n\t\r\n\t\t\r\n\t\t\r\n\t\t\t\t\r\n\t\t\r\n\t\t<div class=\"icon-box-wrap clearfix col-lg-12 col-sm-12 no_desc vertical-center\" style=\"margin-bottom:36px;\">\t\t\r\n\r\n\t\t\t<a class=\"title-link\" target=\"_blank\" href=\"https:\/\/www.instagram.com\/callistoclinic.tr\/\"><h4 class=\"item-title h6\">Callisto Clinic<\/h4><\/a>\t\t\t\t\t\t\t<a href=\"https:\/\/www.instagram.com\/callistoclinic.tr\/\" target=\"_blank\" class=\"icon-wrap absolute circle\">\r\n\t\t\t\t\t<span class=\"sow-icon-icomoon\" data-sow-icon=\"&#xea92;\"\n\t\tstyle=\"color: #fff; background-color: #e7b76a\" \n\t\taria-hidden=\"true\"><\/span>\t\t\t\t\t\t\t\t\t<\/a>\r\n\t\t\t\r\n\t\t\t\t\t\t\r\n\r\n\t\t\t\r\n\t\t<\/div>\r\n\t\r\n<\/div><\/div><\/div><\/div><\/div><\/div><\/div><\/div>","protected":false},"excerpt":{"rendered":"<p>A\u015fa\u011f\u0131daki formu doldurun, \u00e7al\u0131\u015fma saatlerimiz i\u00e7inde sizinle ileti\u015fime ge\u00e7elim.<\/p>\n","protected":false},"author":1,"featured_media":0,"parent":0,"menu_order":0,"comment_status":"closed","ping_status":"closed","template":"","meta":{"_joinchat":[],"footnotes":""},"class_list":["post-3232","page","type-page","status-publish","hentry"],"yoast_head":"<!-- This site is optimized with the Yoast SEO plugin v27.5 - https:\/\/yoast.com\/product\/yoast-seo-wordpress\/ -->\n<title>\u0130leti\u015fim - callisto clinic<\/title>\n<meta name=\"robots\" content=\"index, follow, max-snippet:-1, max-image-preview:large, max-video-preview:-1\" \/>\n<link rel=\"canonical\" href=\"https:\/\/callistotr.com\/tr\/iletisim\/\" \/>\n<meta property=\"og:locale\" content=\"tr_TR\" \/>\n<meta property=\"og:type\" content=\"article\" \/>\n<meta property=\"og:title\" content=\"\u0130leti\u015fim - callisto clinic\" \/>\n<meta property=\"og:description\" content=\"A\u015fa\u011f\u0131daki formu doldurun, \u00e7al\u0131\u015fma saatlerimiz i\u00e7inde sizinle ileti\u015fime ge\u00e7elim.\" \/>\n<meta property=\"og:url\" content=\"https:\/\/callistotr.com\/tr\/iletisim\/\" \/>\n<meta property=\"og:site_name\" content=\"callisto clinic\" \/>\n<meta property=\"article:publisher\" content=\"https:\/\/www.facebook.com\/callistoclinic.tr\/\" \/>\n<meta property=\"article:modified_time\" content=\"2024-10-10T09:46:01+00:00\" \/>\n<meta name=\"twitter:card\" content=\"summary_large_image\" \/>\n<script type=\"application\/ld+json\" class=\"yoast-schema-graph\">{\"@context\":\"https:\\\/\\\/schema.org\",\"@graph\":[{\"@type\":\"WebPage\",\"@id\":\"https:\\\/\\\/callistotr.com\\\/tr\\\/iletisim\\\/\",\"url\":\"https:\\\/\\\/callistotr.com\\\/tr\\\/iletisim\\\/\",\"name\":\"\u0130leti\u015fim - callisto clinic\",\"isPartOf\":{\"@id\":\"https:\\\/\\\/callistotr.com\\\/#website\"},\"datePublished\":\"2016-09-20T16:10:21+00:00\",\"dateModified\":\"2024-10-10T09:46:01+00:00\",\"breadcrumb\":{\"@id\":\"https:\\\/\\\/callistotr.com\\\/tr\\\/iletisim\\\/#breadcrumb\"},\"inLanguage\":\"tr\",\"potentialAction\":[{\"@type\":\"ReadAction\",\"target\":[\"https:\\\/\\\/callistotr.com\\\/tr\\\/iletisim\\\/\"]}]},{\"@type\":\"BreadcrumbList\",\"@id\":\"https:\\\/\\\/callistotr.com\\\/tr\\\/iletisim\\\/#breadcrumb\",\"itemListElement\":[{\"@type\":\"ListItem\",\"position\":1,\"name\":\"Home\",\"item\":\"https:\\\/\\\/callistotr.com\\\/tr\\\/\"},{\"@type\":\"ListItem\",\"position\":2,\"name\":\"\u0130leti\u015fim\"}]},{\"@type\":\"WebSite\",\"@id\":\"https:\\\/\\\/callistotr.com\\\/#website\",\"url\":\"https:\\\/\\\/callistotr.com\\\/\",\"name\":\"callisto clinic\",\"description\":\"\",\"publisher\":{\"@id\":\"https:\\\/\\\/callistotr.com\\\/#organization\"},\"potentialAction\":[{\"@type\":\"SearchAction\",\"target\":{\"@type\":\"EntryPoint\",\"urlTemplate\":\"https:\\\/\\\/callistotr.com\\\/?s={search_term_string}\"},\"query-input\":{\"@type\":\"PropertyValueSpecification\",\"valueRequired\":true,\"valueName\":\"search_term_string\"}}],\"inLanguage\":\"tr\"},{\"@type\":\"Organization\",\"@id\":\"https:\\\/\\\/callistotr.com\\\/#organization\",\"name\":\"callisto clinic\",\"url\":\"https:\\\/\\\/callistotr.com\\\/\",\"logo\":{\"@type\":\"ImageObject\",\"inLanguage\":\"tr\",\"@id\":\"https:\\\/\\\/callistotr.com\\\/#\\\/schema\\\/logo\\\/image\\\/\",\"url\":\"https:\\\/\\\/callistotr.com\\\/wp-content\\\/uploads\\\/2024\\\/08\\\/logo-1.webp\",\"contentUrl\":\"https:\\\/\\\/callistotr.com\\\/wp-content\\\/uploads\\\/2024\\\/08\\\/logo-1.webp\",\"width\":500,\"height\":405,\"caption\":\"callisto clinic\"},\"image\":{\"@id\":\"https:\\\/\\\/callistotr.com\\\/#\\\/schema\\\/logo\\\/image\\\/\"},\"sameAs\":[\"https:\\\/\\\/www.facebook.com\\\/callistoclinic.tr\\\/\",\"https:\\\/\\\/www.instagram.com\\\/callistoclinic.tr\\\/\"]}]}<\/script>\n<!-- \/ Yoast SEO plugin. -->","yoast_head_json":{"title":"\u0130leti\u015fim - callisto clinic","robots":{"index":"index","follow":"follow","max-snippet":"max-snippet:-1","max-image-preview":"max-image-preview:large","max-video-preview":"max-video-preview:-1"},"canonical":"https:\/\/callistotr.com\/tr\/iletisim\/","og_locale":"tr_TR","og_type":"article","og_title":"\u0130leti\u015fim - callisto clinic","og_description":"A\u015fa\u011f\u0131daki formu doldurun, \u00e7al\u0131\u015fma saatlerimiz i\u00e7inde sizinle ileti\u015fime ge\u00e7elim.","og_url":"https:\/\/callistotr.com\/tr\/iletisim\/","og_site_name":"callisto clinic","article_publisher":"https:\/\/www.facebook.com\/callistoclinic.tr\/","article_modified_time":"2024-10-10T09:46:01+00:00","twitter_card":"summary_large_image","schema":{"@context":"https:\/\/schema.org","@graph":[{"@type":"WebPage","@id":"https:\/\/callistotr.com\/tr\/iletisim\/","url":"https:\/\/callistotr.com\/tr\/iletisim\/","name":"\u0130leti\u015fim - callisto clinic","isPartOf":{"@id":"https:\/\/callistotr.com\/#website"},"datePublished":"2016-09-20T16:10:21+00:00","dateModified":"2024-10-10T09:46:01+00:00","breadcrumb":{"@id":"https:\/\/callistotr.com\/tr\/iletisim\/#breadcrumb"},"inLanguage":"tr","potentialAction":[{"@type":"ReadAction","target":["https:\/\/callistotr.com\/tr\/iletisim\/"]}]},{"@type":"BreadcrumbList","@id":"https:\/\/callistotr.com\/tr\/iletisim\/#breadcrumb","itemListElement":[{"@type":"ListItem","position":1,"name":"Home","item":"https:\/\/callistotr.com\/tr\/"},{"@type":"ListItem","position":2,"name":"\u0130leti\u015fim"}]},{"@type":"WebSite","@id":"https:\/\/callistotr.com\/#website","url":"https:\/\/callistotr.com\/","name":"callisto clinic","description":"","publisher":{"@id":"https:\/\/callistotr.com\/#organization"},"potentialAction":[{"@type":"SearchAction","target":{"@type":"EntryPoint","urlTemplate":"https:\/\/callistotr.com\/?s={search_term_string}"},"query-input":{"@type":"PropertyValueSpecification","valueRequired":true,"valueName":"search_term_string"}}],"inLanguage":"tr"},{"@type":"Organization","@id":"https:\/\/callistotr.com\/#organization","name":"callisto clinic","url":"https:\/\/callistotr.com\/","logo":{"@type":"ImageObject","inLanguage":"tr","@id":"https:\/\/callistotr.com\/#\/schema\/logo\/image\/","url":"https:\/\/callistotr.com\/wp-content\/uploads\/2024\/08\/logo-1.webp","contentUrl":"https:\/\/callistotr.com\/wp-content\/uploads\/2024\/08\/logo-1.webp","width":500,"height":405,"caption":"callisto clinic"},"image":{"@id":"https:\/\/callistotr.com\/#\/schema\/logo\/image\/"},"sameAs":["https:\/\/www.facebook.com\/callistoclinic.tr\/","https:\/\/www.instagram.com\/callistoclinic.tr\/"]}]}},"_links":{"self":[{"href":"https:\/\/callistotr.com\/tr\/wp-json\/wp\/v2\/pages\/3232","targetHints":{"allow":["GET"]}}],"collection":[{"href":"https:\/\/callistotr.com\/tr\/wp-json\/wp\/v2\/pages"}],"about":[{"href":"https:\/\/callistotr.com\/tr\/wp-json\/wp\/v2\/types\/page"}],"author":[{"embeddable":true,"href":"https:\/\/callistotr.com\/tr\/wp-json\/wp\/v2\/users\/1"}],"replies":[{"embeddable":true,"href":"https:\/\/callistotr.com\/tr\/wp-json\/wp\/v2\/comments?post=3232"}],"version-history":[{"count":5,"href":"https:\/\/callistotr.com\/tr\/wp-json\/wp\/v2\/pages\/3232\/revisions"}],"predecessor-version":[{"id":3818,"href":"https:\/\/callistotr.com\/tr\/wp-json\/wp\/v2\/pages\/3232\/revisions\/3818"}],"wp:attachment":[{"href":"https:\/\/callistotr.com\/tr\/wp-json\/wp\/v2\/media?parent=3232"}],"curies":[{"name":"wp","href":"https:\/\/api.w.org\/{rel}","templated":true}]}}