{"id":3228,"date":"2016-10-08T18:45:29","date_gmt":"2016-10-08T18:45:29","guid":{"rendered":"https:\/\/callistotr.com\/guzellik-hizmetleri\/"},"modified":"2024-09-29T13:09:37","modified_gmt":"2024-09-29T13:09:37","slug":"guzellik-hizmetleri","status":"publish","type":"page","link":"https:\/\/callistotr.com\/tr\/guzellik-hizmetleri\/","title":{"rendered":"G\u00fczellik hizmetleri"},"content":{"rendered":"<div id=\"pl-3228\"  class=\"panel-layout\" ><div id=\"pg-3228-0\"  class=\"panel-grid panel-has-style\" ><div class=\"divider-no-animation tablet-1-in-row mobile-1-in-row desktop-default custom panel-row-style panel-row-style-for-3228-0\" ><div id=\"pgc-3228-0-0\"  class=\"panel-grid-cell\" ><div class=\"custom panel-cell-style panel-cell-style-for-3228-0-0\" ><div id=\"panel-3228-0-0-0\" class=\"so-panel widget widget_orion_heading_w panel-first-child\" data-index=\"0\" ><div class=\"orion custom mobile-text-center tablets-text-center default panel-widget-style panel-widget-style-for-3228-0-0-0\" ><div\n\t\t\t\n\t\t\tclass=\"so-widget-orion_heading_w so-widget-orion_heading_w-base\"\n\t\t\t\n\t\t> \r\n\t\t\t<div class=\"row orion-heading\" style=\"margin-bottom:0px;\">\r\n\t\t<div class=\"col-md-12  separator-style-1 text-left style-h6 style-primary-color\">\r\n\t\t\t<h6 class=\"primary-color\">\r\n\t\t\t\tG\u00fczelli\u011finiz \u00d6nceli\u011fimizdir\t\t\t<\/h6>\r\n\t\t<\/div>\r\n\t<\/div>\r\n\r\n\t<\/div><\/div><\/div><div id=\"panel-3228-0-0-1\" class=\"so-panel widget widget_orion_heading_w\" data-index=\"1\" ><div class=\"orion custom mobile-text-center tablets-text-center default panel-widget-style panel-widget-style-for-3228-0-0-1\" ><div\n\t\t\t\n\t\t\tclass=\"so-widget-orion_heading_w so-widget-orion_heading_w-base\"\n\t\t\t\n\t\t> \r\n\t\t\t<div class=\"row orion-heading\" style=\"margin-bottom:0px;\">\r\n\t\t<div class=\"col-md-12   text-left style-h2 style-text-dark\">\r\n\t\t\t<h2 class=\"text-dark\">\r\n\t\t\t\tG\u00fczellik Hizmetleri\t\t\t<\/h2>\r\n\t\t<\/div>\r\n\t<\/div>\r\n\r\n\t<\/div><\/div><\/div><div id=\"panel-3228-0-0-2\" class=\"so-panel widget widget_sow-editor\" data-index=\"2\" ><div class=\"orion custom mobile-text-center tablets-text-center default panel-widget-style panel-widget-style-for-3228-0-0-2\" ><div\n\t\t\t\n\t\t\tclass=\"so-widget-sow-editor so-widget-sow-editor-base\"\n\t\t\t\n\t\t>\n<div class=\"siteorigin-widget-tinymce textwidget\">\n\t<p class=\"lead\"><strong>L\u00fcks ve bak\u0131m\u0131 birle\u015ftiren bir yer mi ar\u0131yorsunuz?<br \/>\nMerkezimiz sizin i\u00e7in ideal bir yer. <\/strong><\/p>\n<p class=\"lead\">T\u00fcm ihtiya\u00e7lar\u0131n\u0131z\u0131 kar\u015f\u0131layan kapsaml\u0131 bir kozmetik deneyim sunuyoruz.<br \/>\nRahatlay\u0131n ve en iyi kozmetik tedavileri al\u0131rken sakin ve rahat bir atmosferin tad\u0131n\u0131 \u00e7\u0131kar\u0131n.<br \/>\nUzman ekibimiz, cilt ve sa\u00e7 ihtiya\u00e7lar\u0131n\u0131z i\u00e7in do\u011fru tedavileri se\u00e7menizde size yard\u0131mc\u0131 olacakt\u0131r.<br \/>\nMerkezimizi her ziyaretinizde yeni bir g\u00fczellik ke\u015ffedin.   <\/p>\n<\/div>\n<\/div><\/div><\/div><div id=\"panel-3228-0-0-3\" class=\"so-panel widget widget_orion_empty_space_w panel-last-child\" data-index=\"3\" ><div class=\"orion custom default panel-widget-style panel-widget-style-for-3228-0-0-3\" ><div\n\t\t\t\n\t\t\tclass=\"so-widget-orion_empty_space_w so-widget-orion_empty_space_w-base\"\n\t\t\t\n\t\t>\t<div class=\"row empty-space visible-sm visible-xs\" style=\"height:24px;\">\r\n\t<\/div><\/div><\/div><\/div><\/div><\/div><div id=\"pgc-3228-0-1\"  class=\"panel-grid-cell\" ><div id=\"panel-3228-0-1-0\" class=\"so-panel widget widget_orion_image_w panel-first-child panel-last-child\" data-index=\"4\" ><div class=\"orion custom mobile-text-center tablets-text-center default panel-widget-style panel-widget-style-for-3228-0-1-0\" ><div\n\t\t\t\n\t\t\tclass=\"so-widget-orion_image_w so-widget-orion_image_w-base\"\n\t\t\t\n\t\t>\r\n<div class=\"image-w relative rounded\">\r\n\r\n\t\t\t\t\t\t\t<div class=\"orion_circle image-wrap rounded overlay-none overlay-hover-none\">\r\n\t\t\r\n\t\t\t\t<div class=\"circle-wrap\">\r\n\t\t\t\t\t<img loading=\"lazy\" decoding=\"async\" width=\"750\" height=\"750\" src=\"https:\/\/callistotr.com\/wp-content\/uploads\/2024\/08\/IMG_5104-750x750.webp\" class=\"attachment-orion_square size-orion_square\" alt=\"\" \/>\t\t\t<div class=\"overlay\"><\/div>\r\n\t\t\t\t<\/div>\r\n\t\t\r\n\t\t\t\t\t<\/div>\r\n\t\t\t\r\n\t\r\n\t<div class=\"absolute\">\r\n\t\t<div class=\"hover-desc table-wrap\">\r\n\t\t\t<div class=\"cell-wrap\">\r\n\t\t\t\t<h4 class=\"text-light\"><\/h4>\r\n\t\t\t<\/div>\r\n\t\t<\/div>\r\n\t<\/div>\t\t\t\t\t\r\n<\/div>\r\n\r\n<\/div><\/div><\/div><\/div><\/div><\/div><div id=\"pg-3228-1\"  class=\"panel-grid panel-has-style\" ><div class=\"siteorigin-panels-stretch divider-no-animation tablet-1-in-row mobile-1-in-row desktop-default text-dark custom panel-row-style panel-row-style-for-3228-1\" style=\"background-position: right bottom; background-repeat: no-repeat;\" data-stretch-type=\"full\" data-svg-bottom-color=\"#ffffff\" data-svg-top-color=\"#f8f8f8\" ><div id=\"pgc-3228-1-0\"  class=\"panel-grid-cell\" ><div id=\"panel-3228-1-0-0\" class=\"so-panel widget widget_orion_icon_text_w panel-first-child panel-last-child\" data-index=\"5\" ><div class=\"orion custom default panel-widget-style panel-widget-style-for-3228-1-0-0\" ><div\n\t\t\t\n\t\t\tclass=\"so-widget-orion_icon_text_w so-widget-orion_icon_text_w-base\"\n\t\t\t\n\t\t>\r\n<div class=\"row icon-box-items-wrap grid short\">\r\n \r\n\t\r\n\t\t\r\n\t\t\r\n\t\t\t\t\r\n\t\t\r\n\t\t<div class=\"icon-box-wrap clearfix col-lg-4 col-md-4 col-sm-6 text-left icon-image-wrap\" style=\"margin-bottom:36px;\">\t\t\r\n\r\n\t\t\t<h4 class=\"item-title h6\">Botoks<\/h4>\t\t\t\t\t\t\t<div class=\"icon-wrap absolute text-left square\">\r\n\t\t\t\t\t\t\t\t\t\t<span class=\"image\"><img loading=\"lazy\" decoding=\"async\" width=\"150\" height=\"150\" src=\"https:\/\/callistotr.com\/wp-content\/uploads\/2024\/09\/botox-1-150x150.png\" class=\"attachment-thumbnail size-thumbnail\" alt=\"\" \/><\/span>\t\t\t\t<\/div>\r\n\t\t\t\r\n\t\t\t\t\t\t\r\n\r\n\t\t\t\t\t\t<span class=\"description\">Gen\u00e7 ve parlak bir g\u00f6r\u00fcn\u00fcm ile kendinize olan g\u00fcveninizi geri kazan\u0131n.<\/span>\r\n\t\t\t\r\n\t\t<\/div>\r\n\t\r\n\t\t\r\n\t\t\r\n\t\t\t\t\r\n\t\t\r\n\t\t<div class=\"icon-box-wrap clearfix col-lg-4 col-md-4 col-sm-6 text-left icon-image-wrap\" style=\"margin-bottom:36px;\">\t\t\r\n\r\n\t\t\t<h4 class=\"item-title h6\">Dolgu<\/h4>\t\t\t\t\t\t\t<div class=\"icon-wrap absolute text-left square\">\r\n\t\t\t\t\t\t\t\t\t\t<span class=\"image\"><img loading=\"lazy\" decoding=\"async\" width=\"150\" height=\"150\" src=\"https:\/\/callistotr.com\/wp-content\/uploads\/2024\/09\/lip-augmentation-150x150.png\" class=\"attachment-thumbnail size-thumbnail\" alt=\"\" \/><\/span>\t\t\t\t<\/div>\r\n\t\t\t\r\n\t\t\t\t\t\t\r\n\r\n\t\t\t\t\t\t<span class=\"description\">K\u0131r\u0131\u015f\u0131kl\u0131klar\u0131 doldurmak ve dudak hacmini art\u0131rmak i\u00e7in do\u011fal enjeksiyonlar.<\/span>\r\n\t\t\t\r\n\t\t<\/div>\r\n\t\r\n\t\t\r\n\t\t\r\n\t\t\t\t\r\n\t\t\r\n\t\t<div class=\"icon-box-wrap clearfix col-lg-4 col-md-4 col-sm-6 text-left icon-image-wrap\" style=\"margin-bottom:36px;\">\t\t\r\n\r\n\t\t\t<h4 class=\"item-title h6\">Kirpik Lifting<\/h4>\t\t\t\t\t\t\t<div class=\"icon-wrap absolute text-left square\">\r\n\t\t\t\t\t\t\t\t\t\t<span class=\"image\"><img loading=\"lazy\" decoding=\"async\" width=\"150\" height=\"150\" src=\"https:\/\/callistotr.com\/wp-content\/uploads\/2024\/09\/eyelashes-150x150.png\" class=\"attachment-thumbnail size-thumbnail\" alt=\"\" \/><\/span>\t\t\t\t<\/div>\r\n\t\t\t\r\n\t\t\t\t\t\t\r\n\r\n\t\t\t\t\t\t<span class=\"description\">Do\u011fal olarak uzun ve hacimli kirpiklere ula\u015f\u0131n.<\/span>\r\n\t\t\t\r\n\t\t<\/div>\r\n\t\r\n\t\t\r\n\t\t\r\n\t\t\t\t\r\n\t\t\r\n\t\t<div class=\"icon-box-wrap clearfix col-lg-4 col-md-4 col-sm-6 text-left icon-image-wrap\" style=\"margin-bottom:36px;\">\t\t\r\n\r\n\t\t\t<h4 class=\"item-title h6\">Ka\u015f Laminasyonu<\/h4>\t\t\t\t\t\t\t<div class=\"icon-wrap absolute text-left square\">\r\n\t\t\t\t\t\t\t\t\t\t<span class=\"image\"><img loading=\"lazy\" decoding=\"async\" width=\"150\" height=\"150\" src=\"https:\/\/callistotr.com\/wp-content\/uploads\/2024\/09\/lift-150x150.png\" class=\"attachment-thumbnail size-thumbnail\" alt=\"\" \/><\/span>\t\t\t\t<\/div>\r\n\t\t\t\r\n\t\t\t\t\t\t\r\n\r\n\t\t\t\t\t\t<span class=\"description\">Do\u011fal olarak kal\u0131n ve yukar\u0131da duran ka\u015flara sahip olun.<\/span>\r\n\t\t\t\r\n\t\t<\/div>\r\n\t\r\n\t\t\r\n\t\t\r\n\t\t\t\t\r\n\t\t\r\n\t\t<div class=\"icon-box-wrap clearfix col-lg-4 col-md-4 col-sm-6 text-left icon-image-wrap\" style=\"margin-bottom:36px;\">\t\t\r\n\r\n\t\t\t<h4 class=\"item-title h6\">Ter \u00f6nleyici i\u011fne<\/h4>\t\t\t\t\t\t\t<div class=\"icon-wrap absolute text-left square\">\r\n\t\t\t\t\t\t\t\t\t\t<span class=\"image\"><img loading=\"lazy\" decoding=\"async\" width=\"150\" height=\"150\" src=\"https:\/\/callistotr.com\/wp-content\/uploads\/2024\/09\/injection-150x150.png\" class=\"attachment-thumbnail size-thumbnail\" alt=\"\" \/><\/span>\t\t\t\t<\/div>\r\n\t\t\t\r\n\t\t\t\t\t\t\r\n\r\n\t\t\t\t\t\t<span class=\"description\">Fazla terleme ile mi m\u00fccadele ediyorsunuz? Ter \u00f6nleyici enjeksiyonlar sizin i\u00e7in m\u00fckemmel bir \u00e7\u00f6z\u00fcmd\u00fcr.<\/span>\r\n\t\t\t\r\n\t\t<\/div>\r\n\t\r\n\t\t\r\n\t\t\r\n\t\t\t\t\r\n\t\t\r\n\t\t<div class=\"icon-box-wrap clearfix col-lg-4 col-md-4 col-sm-6 text-left icon-image-wrap\" style=\"margin-bottom:36px;\">\t\t\r\n\r\n\t\t\t<h4 class=\"item-title h6\">Kollajen Enjeksiyonlar\u0131<\/h4>\t\t\t\t\t\t\t<div class=\"icon-wrap absolute text-left square\">\r\n\t\t\t\t\t\t\t\t\t\t<span class=\"image\"><img loading=\"lazy\" decoding=\"async\" width=\"150\" height=\"150\" src=\"https:\/\/callistotr.com\/wp-content\/uploads\/2024\/09\/botox-3-150x150.png\" class=\"attachment-thumbnail size-thumbnail\" alt=\"\" \/><\/span>\t\t\t\t<\/div>\r\n\t\t\t\r\n\t\t\t\t\t\t\r\n\r\n\t\t\t\t\t\t<span class=\"description\">Cildinizin gen\u00e7li\u011fini geri kazan\u0131n ve parlakl\u0131\u011f\u0131n\u0131 yenileyin.<\/span>\r\n\t\t\t\r\n\t\t<\/div>\r\n\t\r\n\t\t\r\n\t\t\r\n\t\t\t\t\r\n\t\t\r\n\t\t<div class=\"icon-box-wrap clearfix col-lg-4 col-md-4 col-sm-6 text-left icon-image-wrap\" style=\"margin-bottom:36px;\">\t\t\r\n\r\n\t\t\t<h4 class=\"item-title h6\">\u0130\u011fne tazeli\u011fi<\/h4>\t\t\t\t\t\t\t<div class=\"icon-wrap absolute text-left square\">\r\n\t\t\t\t\t\t\t\t\t\t<span class=\"image\"><img loading=\"lazy\" decoding=\"async\" width=\"150\" height=\"150\" src=\"https:\/\/callistotr.com\/wp-content\/uploads\/2024\/09\/botox-2-150x150.png\" class=\"attachment-thumbnail size-thumbnail\" alt=\"\" \/><\/span>\t\t\t\t<\/div>\r\n\t\t\t\r\n\t\t\t\t\t\t\r\n\r\n\t\t\t\t\t\t<span class=\"description\">Cildiniz i\u00e7in an\u0131nda tazelik ve do\u011fal bir parlakl\u0131k<\/span>\r\n\t\t\t\r\n\t\t<\/div>\r\n\t\r\n\t\t\r\n\t\t\r\n\t\t\t\t\r\n\t\t\r\n\t\t<div class=\"icon-box-wrap clearfix col-lg-4 col-md-4 col-sm-6 text-left icon-image-wrap\" style=\"margin-bottom:36px;\">\t\t\r\n\r\n\t\t\t<h4 class=\"item-title h6\">Cilt temizli\u011fi<\/h4>\t\t\t\t\t\t\t<div class=\"icon-wrap absolute text-left square\">\r\n\t\t\t\t\t\t\t\t\t\t<span class=\"image\"><img loading=\"lazy\" decoding=\"async\" width=\"150\" height=\"150\" src=\"https:\/\/callistotr.com\/wp-content\/uploads\/2024\/09\/cleansing-150x150.png\" class=\"attachment-thumbnail size-thumbnail\" alt=\"\" \/><\/span>\t\t\t\t<\/div>\r\n\t\t\t\r\n\t\t\t\t\t\t\r\n\r\n\t\t\t\t\t\t<span class=\"description\">D\u00fczenli cilt temizli\u011fi, akne ve siyah noktalar\u0131n \u00f6nlenmesine yard\u0131mc\u0131 olur ve cildin tazeli\u011fini korur.<\/span>\r\n\t\t\t\r\n\t\t<\/div>\r\n\t\r\n\t\t\r\n\t\t\r\n\t\t\t\t\r\n\t\t\r\n\t\t<div class=\"icon-box-wrap clearfix col-lg-4 col-md-4 col-sm-6 text-left icon-image-wrap\" style=\"margin-bottom:36px;\">\t\t\r\n\r\n\t\t\t<h4 class=\"item-title h6\">Plazma Enjeksiyonu<\/h4>\t\t\t\t\t\t\t<div class=\"icon-wrap absolute text-left square\">\r\n\t\t\t\t\t\t\t\t\t\t<span class=\"image\"><img loading=\"lazy\" decoding=\"async\" width=\"150\" height=\"150\" src=\"https:\/\/callistotr.com\/wp-content\/uploads\/2024\/09\/prp-1-150x150.png\" class=\"attachment-thumbnail size-thumbnail\" alt=\"\" \/><\/span>\t\t\t\t<\/div>\r\n\t\t\t\r\n\t\t\t\t\t\t\r\n\r\n\t\t\t\t\t\t<span class=\"description\">Kan h\u00fccrelerini kullanarak cildin kollajen ve elastin yenilenmesini te\u015fvik eden bir kozmetik teknik.<\/span>\r\n\t\t\t\r\n\t\t<\/div>\r\n\t\r\n<\/div><\/div><\/div><\/div><\/div><\/div><\/div><div id=\"pg-3228-2\"  class=\"panel-grid panel-has-style\" ><div class=\"siteorigin-panels-stretch divider-no-animation tablet-default mobile-1-in-row desktop-default custom panel-row-style panel-row-style-for-3228-2\" data-stretch-type=\"full-width-stretch\" ><div id=\"pgc-3228-2-0\"  class=\"panel-grid-cell\" ><div class=\"custom panel-cell-style panel-cell-style-for-3228-2-0\" ><div id=\"panel-3228-2-0-0\" class=\"so-panel widget widget_orion_features_w panel-first-child panel-last-child\" data-index=\"6\" ><div class=\"orion custom default panel-widget-style panel-widget-style-for-3228-2-0-0\" ><div\n\t\t\t\n\t\t\tclass=\"so-widget-orion_features_w so-widget-orion_features_w-base\"\n\t\t\t\n\t\t>\r\n<div class=\"features-wrap\">\r\n\t<div class=\"table-wrap\">\r\n\t\t\t\t\t\t\r\n\t\t\t\t\t\t\r\n\t\t\t<div class=\"feature-item clearfix has-bg text-center col-md-3 col-sm-6 text-light\" >\r\n\t\t\t\t<div class=\"overflow-hidden\">\r\n\t\t\t\t\t<div class=\"feature-item-wrap table-wrap \">\t\t\r\n\t\t\t\t\t\t<div class=\"overlay-wrap\" style=\"background-color: rgba(158,120,64,0.7);\">\r\n\t\t\t\t\t\t<\/div>\r\n\t\t\t\t\t\t<div class=\"image-overlay-wrap\" style=\"background-image: url('https:\/\/callistotr.com\/wp-content\/uploads\/2024\/08\/9-10.jpg');\">\r\n\t\t\t\t\t\t<\/div>\r\n\t\t\t\t\t\t<div class=\"table-cell\" style=\"height:336px;\">\r\n\t\t\t\t\t\t\t<div class=\"header\">\r\n\t\t\t\t\t\t\t\t<span class=\"image size-normal\"><img loading=\"lazy\" decoding=\"async\" width=\"150\" height=\"150\" src=\"https:\/\/callistotr.com\/wp-content\/uploads\/2024\/09\/burning-1-150x150.png\" class=\"attachment-thumbnail size-thumbnail\" alt=\"\" \/><\/span><h4 class=\"item-title h5\">Ya\u011f yak\u0131m\u0131<\/h4>\t\t\t\t\t\t\t<\/div>\r\n\t\t\t\t\t\t\t<div class=\"footer\">\r\n\t\t\t\t\t\t\t\t<p>\r\n\t\t\t\t\t\t\t\t\t\u0130nat\u00e7\u0131 ya\u011flara veda edin ve h\u0131zl\u0131 bir \u015fekilde, cerrahi m\u00fcdahale olmadan fit bir v\u00fccuda sahip olun.\t\t\t\t\t\t\t\t<\/p>\t\r\n\t\t\t\t\t\t\t\t\t\t\t\t\t\t\t<\/div>\r\n\t\t\t\t\t\t<\/div>\r\n\t\t\t\t\t<\/div>\r\n\t\t\t\t<\/div>\r\n\r\n\t\t\t<\/div>\r\n\t\t\t\t\t\r\n\t\t\t\t\t\t\r\n\t\t\t<div class=\"feature-item clearfix has-bg text-center col-md-3 col-sm-6 text-light\" >\r\n\t\t\t\t<div class=\"overflow-hidden\">\r\n\t\t\t\t\t<div class=\"feature-item-wrap table-wrap \">\t\t\r\n\t\t\t\t\t\t<div class=\"overlay-wrap\" style=\"background-color: rgba(158,120,64,0.7);\">\r\n\t\t\t\t\t\t<\/div>\r\n\t\t\t\t\t\t<div class=\"image-overlay-wrap\" style=\"background-image: url('https:\/\/callistotr.com\/wp-content\/uploads\/2024\/08\/tbl_articles_article_26597_37507680cf2-66ce-464e-b033-038b141f78dd-750x393.webp');\">\r\n\t\t\t\t\t\t<\/div>\r\n\t\t\t\t\t\t<div class=\"table-cell\" style=\"height:336px;\">\r\n\t\t\t\t\t\t\t<div class=\"header\">\r\n\t\t\t\t\t\t\t\t<span class=\"image size-normal\"><img loading=\"lazy\" decoding=\"async\" width=\"150\" height=\"150\" src=\"https:\/\/callistotr.com\/wp-content\/uploads\/2024\/09\/microdermabrasion-1-150x150.png\" class=\"attachment-thumbnail size-thumbnail\" alt=\"\" \/><\/span><h4 class=\"item-title h5\">Karbon dioksit cerrahisi<\/h4>\t\t\t\t\t\t\t<\/div>\r\n\t\t\t\t\t\t\t<div class=\"footer\">\r\n\t\t\t\t\t\t\t\t<p>\r\n\t\t\t\t\t\t\t\t\tCildi etkili bir \u015fekilde gen\u00e7le\u015ftirmek ve k\u0131r\u0131\u015f\u0131kl\u0131klar\u0131 gidermek i\u00e7in geli\u015fmi\u015f teknoloji kullanarak size parlak bir g\u00f6r\u00fcn\u00fcm kazand\u0131r\u0131r.\t\t\t\t\t\t\t\t<\/p>\t\r\n\t\t\t\t\t\t\t\t\t\t\t\t\t\t\t<\/div>\r\n\t\t\t\t\t\t<\/div>\r\n\t\t\t\t\t<\/div>\r\n\t\t\t\t<\/div>\r\n\r\n\t\t\t<\/div>\r\n\t\t\t\t\t\r\n\t\t\t\t\t\t\r\n\t\t\t<div class=\"feature-item clearfix has-bg text-center col-md-3 col-sm-6 text-light\" >\r\n\t\t\t\t<div class=\"overflow-hidden\">\r\n\t\t\t\t\t<div class=\"feature-item-wrap table-wrap \">\t\t\r\n\t\t\t\t\t\t<div class=\"overlay-wrap\" style=\"background-color: rgba(158,120,64,0.7);\">\r\n\t\t\t\t\t\t<\/div>\r\n\t\t\t\t\t\t<div class=\"image-overlay-wrap\" style=\"background-image: url('https:\/\/callistotr.com\/wp-content\/uploads\/2024\/08\/\u0627\u0641\u0636\u0644-\u0627\u062c\u0647\u0632\u0629-\u0627\u0644\u0644\u064a\u0632\u0631-\u0644\u0627\u0632\u0627\u0644\u0629-\u0627\u0644\u0634\u0639\u0631-2-750x333.webp');\">\r\n\t\t\t\t\t\t<\/div>\r\n\t\t\t\t\t\t<div class=\"table-cell\" style=\"height:336px;\">\r\n\t\t\t\t\t\t\t<div class=\"header\">\r\n\t\t\t\t\t\t\t\t<span class=\"image size-normal\"><img loading=\"lazy\" decoding=\"async\" width=\"150\" height=\"150\" src=\"https:\/\/callistotr.com\/wp-content\/uploads\/2024\/09\/dermaroller-1-150x150.png\" class=\"attachment-thumbnail size-thumbnail\" alt=\"\" \/><\/span><h4 class=\"item-title h5\">UMEX cihaz\u0131 kullanarak ac\u0131s\u0131z lazer<\/h4>\t\t\t\t\t\t\t<\/div>\r\n\t\t\t\t\t\t\t<div class=\"footer\">\r\n\t\t\t\t\t\t\t\t<p>\r\n\t\t\t\t\t\t\t\t\tEtkin ve h\u0131zl\u0131 sonu\u00e7lar, maksimum konfor ile. P\u00fcr\u00fczs\u00fcz bir cilt ve kal\u0131c\u0131 bir g\u00fcven kazan\u0131n.\t\t\t\t\t\t\t\t<\/p>\t\r\n\t\t\t\t\t\t\t\t\t\t\t\t\t\t\t<\/div>\r\n\t\t\t\t\t\t<\/div>\r\n\t\t\t\t\t<\/div>\r\n\t\t\t\t<\/div>\r\n\r\n\t\t\t<\/div>\r\n\t\t\t\t\t\r\n\t\t\t\t\t\t\r\n\t\t\t<div class=\"feature-item clearfix has-bg text-center col-md-3 col-sm-6 text-light\" >\r\n\t\t\t\t<div class=\"overflow-hidden\">\r\n\t\t\t\t\t<div class=\"feature-item-wrap table-wrap \">\t\t\r\n\t\t\t\t\t\t<div class=\"overlay-wrap\" style=\"background-color: rgba(158,120,64,0.7);\">\r\n\t\t\t\t\t\t<\/div>\r\n\t\t\t\t\t\t<div class=\"image-overlay-wrap\" style=\"background-image: url('https:\/\/callistotr.com\/wp-content\/uploads\/2024\/08\/woman-cosmetology-studio-laser-hair-removal-750x500.webp');\">\r\n\t\t\t\t\t\t<\/div>\r\n\t\t\t\t\t\t<div class=\"table-cell\" style=\"height:336px;\">\r\n\t\t\t\t\t\t\t<div class=\"header\">\r\n\t\t\t\t\t\t\t\t<span class=\"image size-normal\"><img loading=\"lazy\" decoding=\"async\" width=\"150\" height=\"150\" src=\"https:\/\/callistotr.com\/wp-content\/uploads\/2024\/09\/glowing-skin-1-150x150.png\" class=\"attachment-thumbnail size-thumbnail\" alt=\"\" \/><\/span><h4 class=\"item-title h5\">Cilt onar\u0131m\u0131 ve yenilenme<\/h4>\t\t\t\t\t\t\t<\/div>\r\n\t\t\t\t\t\t\t<div class=\"footer\">\r\n\t\t\t\t\t\t\t\t<p>\r\n\t\t\t\t\t\t\t\t\tBenzerine az rastlanan bir deneyim, cildinizin canl\u0131l\u0131\u011f\u0131n\u0131 geri kazand\u0131r\u0131r ve ona kal\u0131c\u0131 bir yumu\u015fakl\u0131k ve parlakl\u0131k kazand\u0131r\u0131r.\t\t\t\t\t\t\t\t<\/p>\t\r\n\t\t\t\t\t\t\t\t\t\t\t\t\t\t\t<\/div>\r\n\t\t\t\t\t\t<\/div>\r\n\t\t\t\t\t<\/div>\r\n\t\t\t\t<\/div>\r\n\r\n\t\t\t<\/div>\r\n\t\t\t\t<\/div>\r\n\r\n<\/div><\/div><\/div><\/div><\/div><\/div><\/div><\/div><\/div>","protected":false},"excerpt":{"rendered":"<p>G\u00fczel bir g\u00fcl\u00fcmseme daha iyi bir ruh haline katk\u0131da bulunur, \u00f6z sayg\u0131y\u0131 etkiler ve ba\u015fkalar\u0131 \u00fczerinde iyi bir izlenim b\u0131rakmam\u0131z\u0131 sa\u011flar.<\/p>\n","protected":false},"author":1,"featured_media":0,"parent":0,"menu_order":0,"comment_status":"closed","ping_status":"closed","template":"","meta":{"_joinchat":[],"footnotes":""},"class_list":["post-3228","page","type-page","status-publish","hentry"],"yoast_head":"<!-- This site is optimized with the Yoast SEO plugin v27.5 - https:\/\/yoast.com\/product\/yoast-seo-wordpress\/ -->\n<title>G\u00fczellik hizmetleri - callisto clinic<\/title>\n<meta name=\"robots\" content=\"index, follow, max-snippet:-1, max-image-preview:large, max-video-preview:-1\" \/>\n<link rel=\"canonical\" href=\"https:\/\/callistotr.com\/tr\/guzellik-hizmetleri\/\" \/>\n<meta property=\"og:locale\" content=\"tr_TR\" \/>\n<meta property=\"og:type\" content=\"article\" \/>\n<meta property=\"og:title\" content=\"G\u00fczellik hizmetleri - callisto clinic\" \/>\n<meta property=\"og:description\" content=\"G\u00fczel bir g\u00fcl\u00fcmseme daha iyi bir ruh haline katk\u0131da bulunur, \u00f6z sayg\u0131y\u0131 etkiler ve ba\u015fkalar\u0131 \u00fczerinde iyi bir izlenim b\u0131rakmam\u0131z\u0131 sa\u011flar.\" \/>\n<meta property=\"og:url\" content=\"https:\/\/callistotr.com\/tr\/guzellik-hizmetleri\/\" \/>\n<meta property=\"og:site_name\" content=\"callisto clinic\" \/>\n<meta property=\"article:publisher\" content=\"https:\/\/www.facebook.com\/callistoclinic.tr\/\" \/>\n<meta property=\"article:modified_time\" content=\"2024-09-29T13:09:37+00:00\" \/>\n<meta name=\"twitter:card\" content=\"summary_large_image\" \/>\n<meta name=\"twitter:label1\" content=\"Tahmini okuma s\u00fcresi\" \/>\n\t<meta name=\"twitter:data1\" content=\"1 dakika\" \/>\n<script type=\"application\/ld+json\" class=\"yoast-schema-graph\">{\"@context\":\"https:\\\/\\\/schema.org\",\"@graph\":[{\"@type\":\"WebPage\",\"@id\":\"https:\\\/\\\/callistotr.com\\\/tr\\\/guzellik-hizmetleri\\\/\",\"url\":\"https:\\\/\\\/callistotr.com\\\/tr\\\/guzellik-hizmetleri\\\/\",\"name\":\"G\u00fczellik hizmetleri - callisto clinic\",\"isPartOf\":{\"@id\":\"https:\\\/\\\/callistotr.com\\\/#website\"},\"datePublished\":\"2016-10-08T18:45:29+00:00\",\"dateModified\":\"2024-09-29T13:09:37+00:00\",\"breadcrumb\":{\"@id\":\"https:\\\/\\\/callistotr.com\\\/tr\\\/guzellik-hizmetleri\\\/#breadcrumb\"},\"inLanguage\":\"tr\",\"potentialAction\":[{\"@type\":\"ReadAction\",\"target\":[\"https:\\\/\\\/callistotr.com\\\/tr\\\/guzellik-hizmetleri\\\/\"]}]},{\"@type\":\"BreadcrumbList\",\"@id\":\"https:\\\/\\\/callistotr.com\\\/tr\\\/guzellik-hizmetleri\\\/#breadcrumb\",\"itemListElement\":[{\"@type\":\"ListItem\",\"position\":1,\"name\":\"Home\",\"item\":\"https:\\\/\\\/callistotr.com\\\/tr\\\/\"},{\"@type\":\"ListItem\",\"position\":2,\"name\":\"G\u00fczellik hizmetleri\"}]},{\"@type\":\"WebSite\",\"@id\":\"https:\\\/\\\/callistotr.com\\\/#website\",\"url\":\"https:\\\/\\\/callistotr.com\\\/\",\"name\":\"callisto clinic\",\"description\":\"\",\"publisher\":{\"@id\":\"https:\\\/\\\/callistotr.com\\\/#organization\"},\"potentialAction\":[{\"@type\":\"SearchAction\",\"target\":{\"@type\":\"EntryPoint\",\"urlTemplate\":\"https:\\\/\\\/callistotr.com\\\/?s={search_term_string}\"},\"query-input\":{\"@type\":\"PropertyValueSpecification\",\"valueRequired\":true,\"valueName\":\"search_term_string\"}}],\"inLanguage\":\"tr\"},{\"@type\":\"Organization\",\"@id\":\"https:\\\/\\\/callistotr.com\\\/#organization\",\"name\":\"callisto clinic\",\"url\":\"https:\\\/\\\/callistotr.com\\\/\",\"logo\":{\"@type\":\"ImageObject\",\"inLanguage\":\"tr\",\"@id\":\"https:\\\/\\\/callistotr.com\\\/#\\\/schema\\\/logo\\\/image\\\/\",\"url\":\"https:\\\/\\\/callistotr.com\\\/wp-content\\\/uploads\\\/2024\\\/08\\\/logo-1.webp\",\"contentUrl\":\"https:\\\/\\\/callistotr.com\\\/wp-content\\\/uploads\\\/2024\\\/08\\\/logo-1.webp\",\"width\":500,\"height\":405,\"caption\":\"callisto clinic\"},\"image\":{\"@id\":\"https:\\\/\\\/callistotr.com\\\/#\\\/schema\\\/logo\\\/image\\\/\"},\"sameAs\":[\"https:\\\/\\\/www.facebook.com\\\/callistoclinic.tr\\\/\",\"https:\\\/\\\/www.instagram.com\\\/callistoclinic.tr\\\/\"]}]}<\/script>\n<!-- \/ Yoast SEO plugin. -->","yoast_head_json":{"title":"G\u00fczellik hizmetleri - callisto clinic","robots":{"index":"index","follow":"follow","max-snippet":"max-snippet:-1","max-image-preview":"max-image-preview:large","max-video-preview":"max-video-preview:-1"},"canonical":"https:\/\/callistotr.com\/tr\/guzellik-hizmetleri\/","og_locale":"tr_TR","og_type":"article","og_title":"G\u00fczellik hizmetleri - callisto clinic","og_description":"G\u00fczel bir g\u00fcl\u00fcmseme daha iyi bir ruh haline katk\u0131da bulunur, \u00f6z sayg\u0131y\u0131 etkiler ve ba\u015fkalar\u0131 \u00fczerinde iyi bir izlenim b\u0131rakmam\u0131z\u0131 sa\u011flar.","og_url":"https:\/\/callistotr.com\/tr\/guzellik-hizmetleri\/","og_site_name":"callisto clinic","article_publisher":"https:\/\/www.facebook.com\/callistoclinic.tr\/","article_modified_time":"2024-09-29T13:09:37+00:00","twitter_card":"summary_large_image","twitter_misc":{"Tahmini okuma s\u00fcresi":"1 dakika"},"schema":{"@context":"https:\/\/schema.org","@graph":[{"@type":"WebPage","@id":"https:\/\/callistotr.com\/tr\/guzellik-hizmetleri\/","url":"https:\/\/callistotr.com\/tr\/guzellik-hizmetleri\/","name":"G\u00fczellik hizmetleri - callisto clinic","isPartOf":{"@id":"https:\/\/callistotr.com\/#website"},"datePublished":"2016-10-08T18:45:29+00:00","dateModified":"2024-09-29T13:09:37+00:00","breadcrumb":{"@id":"https:\/\/callistotr.com\/tr\/guzellik-hizmetleri\/#breadcrumb"},"inLanguage":"tr","potentialAction":[{"@type":"ReadAction","target":["https:\/\/callistotr.com\/tr\/guzellik-hizmetleri\/"]}]},{"@type":"BreadcrumbList","@id":"https:\/\/callistotr.com\/tr\/guzellik-hizmetleri\/#breadcrumb","itemListElement":[{"@type":"ListItem","position":1,"name":"Home","item":"https:\/\/callistotr.com\/tr\/"},{"@type":"ListItem","position":2,"name":"G\u00fczellik hizmetleri"}]},{"@type":"WebSite","@id":"https:\/\/callistotr.com\/#website","url":"https:\/\/callistotr.com\/","name":"callisto clinic","description":"","publisher":{"@id":"https:\/\/callistotr.com\/#organization"},"potentialAction":[{"@type":"SearchAction","target":{"@type":"EntryPoint","urlTemplate":"https:\/\/callistotr.com\/?s={search_term_string}"},"query-input":{"@type":"PropertyValueSpecification","valueRequired":true,"valueName":"search_term_string"}}],"inLanguage":"tr"},{"@type":"Organization","@id":"https:\/\/callistotr.com\/#organization","name":"callisto clinic","url":"https:\/\/callistotr.com\/","logo":{"@type":"ImageObject","inLanguage":"tr","@id":"https:\/\/callistotr.com\/#\/schema\/logo\/image\/","url":"https:\/\/callistotr.com\/wp-content\/uploads\/2024\/08\/logo-1.webp","contentUrl":"https:\/\/callistotr.com\/wp-content\/uploads\/2024\/08\/logo-1.webp","width":500,"height":405,"caption":"callisto clinic"},"image":{"@id":"https:\/\/callistotr.com\/#\/schema\/logo\/image\/"},"sameAs":["https:\/\/www.facebook.com\/callistoclinic.tr\/","https:\/\/www.instagram.com\/callistoclinic.tr\/"]}]}},"_links":{"self":[{"href":"https:\/\/callistotr.com\/tr\/wp-json\/wp\/v2\/pages\/3228","targetHints":{"allow":["GET"]}}],"collection":[{"href":"https:\/\/callistotr.com\/tr\/wp-json\/wp\/v2\/pages"}],"about":[{"href":"https:\/\/callistotr.com\/tr\/wp-json\/wp\/v2\/types\/page"}],"author":[{"embeddable":true,"href":"https:\/\/callistotr.com\/tr\/wp-json\/wp\/v2\/users\/1"}],"replies":[{"embeddable":true,"href":"https:\/\/callistotr.com\/tr\/wp-json\/wp\/v2\/comments?post=3228"}],"version-history":[{"count":4,"href":"https:\/\/callistotr.com\/tr\/wp-json\/wp\/v2\/pages\/3228\/revisions"}],"predecessor-version":[{"id":3626,"href":"https:\/\/callistotr.com\/tr\/wp-json\/wp\/v2\/pages\/3228\/revisions\/3626"}],"wp:attachment":[{"href":"https:\/\/callistotr.com\/tr\/wp-json\/wp\/v2\/media?parent=3228"}],"curies":[{"name":"wp","href":"https:\/\/api.w.org\/{rel}","templated":true}]}}